{"id":299,"date":"2023-10-05T18:39:14","date_gmt":"2023-10-05T18:39:14","guid":{"rendered":"https:\/\/mm-job.com\/pravila-o-privatnosti\/"},"modified":"2023-11-03T21:42:51","modified_gmt":"2023-11-03T21:42:51","slug":"pravila-o-privatnosti","status":"publish","type":"page","link":"https:\/\/mm-job.com\/sr\/pravila-o-privatnosti\/","title":{"rendered":"Pravila o privatnosti"},"content":{"rendered":"\t\t<div data-elementor-type=\"wp-page\" data-elementor-id=\"299\" class=\"elementor elementor-299 elementor-222\" data-elementor-post-type=\"page\">\n\t\t\t\t<header class=\"elementor-element elementor-element-91fbc09 e-flex e-con-boxed e-con e-parent\" data-id=\"91fbc09\" data-element_type=\"container\" data-e-type=\"container\" data-settings=\"{&quot;background_background&quot;:&quot;classic&quot;,&quot;sticky&quot;:&quot;top&quot;,&quot;sticky_on&quot;:[&quot;desktop&quot;,&quot;tablet&quot;,&quot;mobile&quot;],&quot;sticky_offset&quot;:0,&quot;sticky_effects_offset&quot;:0,&quot;sticky_anchor_link_offset&quot;:0}\">\n\t\t\t\t\t<div class=\"e-con-inner\">\n\t\t\t\t<div class=\"elementor-element elementor-element-9febfb7 elementor-widget elementor-widget-image\" data-id=\"9febfb7\" data-element_type=\"widget\" data-e-type=\"widget\" data-widget_type=\"image.default\">\n\t\t\t\t<div class=\"elementor-widget-container\">\n\t\t\t\t\t\t\t\t\t\t\t\t\t\t\t\t<a href=\"https:\/\/mm-job.com\/sr\/\">\n\t\t\t\t\t\t\t<img fetchpriority=\"high\" decoding=\"async\" width=\"800\" height=\"338\" src=\"https:\/\/mm-job.com\/wp-content\/uploads\/2023\/09\/logo-MM-Job-1024x433.png\" class=\"attachment-large size-large wp-image-267\" alt=\"\" srcset=\"https:\/\/mm-job.com\/wp-content\/uploads\/2023\/09\/logo-MM-Job-1024x433.png 1024w, https:\/\/mm-job.com\/wp-content\/uploads\/2023\/09\/logo-MM-Job-300x127.png 300w, https:\/\/mm-job.com\/wp-content\/uploads\/2023\/09\/logo-MM-Job-768x325.png 768w, https:\/\/mm-job.com\/wp-content\/uploads\/2023\/09\/logo-MM-Job-1536x650.png 1536w, https:\/\/mm-job.com\/wp-content\/uploads\/2023\/09\/logo-MM-Job.png 1678w\" sizes=\"(max-width: 800px) 100vw, 800px\" \/>\t\t\t\t\t\t\t\t<\/a>\n\t\t\t\t\t\t\t\t\t\t\t\t\t\t\t<\/div>\n\t\t\t\t<\/div>\n\t\t\t\t<div class=\"elementor-element elementor-element-3a79406 elementor-nav-menu--stretch elementor-nav-menu--dropdown-tablet elementor-nav-menu__text-align-aside elementor-nav-menu--toggle elementor-nav-menu--burger elementor-widget elementor-widget-nav-menu\" data-id=\"3a79406\" data-element_type=\"widget\" data-e-type=\"widget\" data-settings=\"{&quot;full_width&quot;:&quot;stretch&quot;,&quot;layout&quot;:&quot;horizontal&quot;,&quot;submenu_icon&quot;:{&quot;value&quot;:&quot;&lt;i class=\\&quot;fas fa-caret-down\\&quot; aria-hidden=\\&quot;true\\&quot;&gt;&lt;\\\/i&gt;&quot;,&quot;library&quot;:&quot;fa-solid&quot;},&quot;toggle&quot;:&quot;burger&quot;}\" data-widget_type=\"nav-menu.default\">\n\t\t\t\t<div class=\"elementor-widget-container\">\n\t\t\t\t\t\t\t\t<nav aria-label=\"\u0418\u0437\u0431\u043e\u0440\u043d\u0438\u043a\" class=\"elementor-nav-menu--main elementor-nav-menu__container elementor-nav-menu--layout-horizontal e--pointer-none\">\n\t\t\t\t<ul id=\"menu-1-3a79406\" class=\"elementor-nav-menu\"><li class=\"menu-item menu-item-type-custom menu-item-object-custom menu-item-315\"><a href=\"#home\" class=\"elementor-item elementor-item-anchor\">PO\u010cETNA<\/a><\/li>\n<li class=\"menu-item menu-item-type-custom menu-item-object-custom menu-item-316\"><a href=\"#about-us\" class=\"elementor-item elementor-item-anchor\">O NAMA<\/a><\/li>\n<li class=\"menu-item menu-item-type-custom menu-item-object-custom menu-item-317\"><a href=\"#clients\" class=\"elementor-item elementor-item-anchor\">KLIJENTI<\/a><\/li>\n<li class=\"menu-item menu-item-type-custom menu-item-object-custom menu-item-318\"><a href=\"#contact\" class=\"elementor-item elementor-item-anchor\">KONTAKT<\/a><\/li>\n<\/ul>\t\t\t<\/nav>\n\t\t\t\t\t<div class=\"elementor-menu-toggle\" role=\"button\" tabindex=\"0\" aria-label=\"Menu Toggle\" aria-expanded=\"false\">\n\t\t\t<i aria-hidden=\"true\" role=\"presentation\" class=\"elementor-menu-toggle__icon--open eicon-menu-bar\"><\/i><i aria-hidden=\"true\" role=\"presentation\" class=\"elementor-menu-toggle__icon--close eicon-close\"><\/i>\t\t<\/div>\n\t\t\t\t\t<nav class=\"elementor-nav-menu--dropdown elementor-nav-menu__container\" aria-hidden=\"true\">\n\t\t\t\t<ul id=\"menu-2-3a79406\" class=\"elementor-nav-menu\"><li class=\"menu-item menu-item-type-custom menu-item-object-custom menu-item-315\"><a href=\"#home\" class=\"elementor-item elementor-item-anchor\" tabindex=\"-1\">PO\u010cETNA<\/a><\/li>\n<li class=\"menu-item menu-item-type-custom menu-item-object-custom menu-item-316\"><a href=\"#about-us\" class=\"elementor-item elementor-item-anchor\" tabindex=\"-1\">O NAMA<\/a><\/li>\n<li class=\"menu-item menu-item-type-custom menu-item-object-custom menu-item-317\"><a href=\"#clients\" class=\"elementor-item elementor-item-anchor\" tabindex=\"-1\">KLIJENTI<\/a><\/li>\n<li class=\"menu-item menu-item-type-custom menu-item-object-custom menu-item-318\"><a href=\"#contact\" class=\"elementor-item elementor-item-anchor\" tabindex=\"-1\">KONTAKT<\/a><\/li>\n<\/ul>\t\t\t<\/nav>\n\t\t\t\t\t\t<\/div>\n\t\t\t\t<\/div>\n\t\t\t\t\t<\/div>\n\t\t\t\t<\/header>\n\t\t<div class=\"elementor-element elementor-element-cc3fa6f e-flex e-con-boxed e-con e-parent\" data-id=\"cc3fa6f\" data-element_type=\"container\" data-e-type=\"container\">\n\t\t\t\t\t<div class=\"e-con-inner\">\n\t\t\t\t<div class=\"elementor-element elementor-element-4fd0df0 elementor-widget elementor-widget-heading\" data-id=\"4fd0df0\" data-element_type=\"widget\" data-e-type=\"widget\" data-widget_type=\"heading.default\">\n\t\t\t\t<div class=\"elementor-widget-container\">\n\t\t\t\t\t<h2 class=\"elementor-heading-title elementor-size-default\">Pravila o privatnosti.<\/h2>\t\t\t\t<\/div>\n\t\t\t\t<\/div>\n\t\t\t\t<div class=\"elementor-element elementor-element-6f06744 elementor-widget elementor-widget-text-editor\" data-id=\"6f06744\" data-element_type=\"widget\" data-e-type=\"widget\" data-widget_type=\"text-editor.default\">\n\t\t\t\t<div class=\"elementor-widget-container\">\n\t\t\t\t\t\t\t\t\t<p><em>Poslednje a\u017euriranje: 05. 10.2023.<\/em><\/p>\n<p>Hvala vam \u0161to ste posetili na\u0161u veb lokaciju <a href=\"https:\/\/mm-job.com\/sr\/\">https:\/\/mm-job.com\/<\/a> (\u201emi\u201c, \u201enas\u201c ili \u201ena\u0161\u201c). Va\u0161a privatnost nam je va\u017ena. Da bismo bolje za\u0161titili va\u0161e li\u010dne podatke, dostavljamo vam ovaj izve\u0161taj sa informacijama, u kojem obja\u0161njavamo koje informacije prikupljamo, za \u0161ta ih koristimo i kako ih \u0161titimo.<\/p>\n<p><strong>Dobijanje i kori\u0161c\u0301enje informacija:<\/strong><\/p>\n<p>Za neke delove na\u0161eg sajta mo\u017eemo da prikupljamo li\u010dne podatke od vas, kao \u0161to su va\u0161a adresa e-po\u0161te i ime. Koristimo ove podatke u svrhe na koje ste pristali, kao \u0161to su odgovaranje na va\u0161a pitanja ili dostavljanje biltena.<\/p>\n<p><strong>Deljenje sa trec\u0301im stranama:<\/strong><\/p>\n<p>Nikada ne prodajemo, ne trgujemo ili na drugi na\u010din pru\u017eamo va\u0161e li\u010dne podatke trec\u0301im licima bez va\u0161eg pristanka, osim ako to zahteva zakon ili drugi pravni propisi.<\/p>\n<p><strong>Kola\u010dic\u0301i i druge tehnologije:<\/strong><\/p>\n<p>Na\u0161 sajt mo\u017ee da koristi kola\u010dic\u0301e i druge sli\u010dne tehnologije da pobolj\u0161a va\u0161e iskustvo sa na\u0161im sajtom i da prikupi anonimne podatke o kori\u0161c\u0301enju sajta.<\/p>\n<p><strong>Va\u0161a prava:<\/strong><\/p>\n<p>Imate pravo pristupa informacijama koje smo prikupili o vama, i imate pravo da ispravite, izbri\u0161ete ili ograni\u010dite njihovu obradu.<\/p>\n<p><strong>Promene Politike privatnosti:<\/strong><\/p>\n<p>Mo\u017eemo s vremena na vreme a\u017eurirati ovu Politiku privatnosti. Sve izmene ove politike bic\u0301e objavljene na ovoj stranici.<\/p>\n<p>Ako imate dodatnih pitanja o na\u0161oj politici privatnosti, kontaktirajte nas na [V\u00e1\u0161 Kontakt na Podporu].<\/p>\n<p><em>Hvala vam \u0161to ste pro\u010ditali na\u0161u Politiku privatnosti.<\/em><\/p>\n\t\t\t\t\t\t\t\t<\/div>\n\t\t\t\t<\/div>\n\t\t\t\t\t<\/div>\n\t\t\t\t<\/div>\n\t\t<footer class=\"elementor-element elementor-element-cd00088 e-flex e-con-boxed e-con e-parent\" data-id=\"cd00088\" data-element_type=\"container\" data-e-type=\"container\" data-settings=\"{&quot;background_background&quot;:&quot;classic&quot;}\">\n\t\t\t\t\t<div class=\"e-con-inner\">\n\t\t<div class=\"elementor-element elementor-element-6c61e4f e-con-full e-flex e-con e-child\" data-id=\"6c61e4f\" data-element_type=\"container\" data-e-type=\"container\">\n\t\t\t\t<div class=\"elementor-element elementor-element-8a72105 elementor-widget elementor-widget-image\" data-id=\"8a72105\" data-element_type=\"widget\" data-e-type=\"widget\" data-widget_type=\"image.default\">\n\t\t\t\t<div class=\"elementor-widget-container\">\n\t\t\t\t\t\t\t\t\t\t\t\t\t\t\t<img decoding=\"async\" width=\"800\" height=\"338\" src=\"https:\/\/mm-job.com\/wp-content\/uploads\/2023\/09\/logo-white-MM-Job-1024x433.png\" class=\"attachment-large size-large wp-image-269\" alt=\"\" srcset=\"https:\/\/mm-job.com\/wp-content\/uploads\/2023\/09\/logo-white-MM-Job-1024x433.png 1024w, https:\/\/mm-job.com\/wp-content\/uploads\/2023\/09\/logo-white-MM-Job-300x127.png 300w, https:\/\/mm-job.com\/wp-content\/uploads\/2023\/09\/logo-white-MM-Job-768x325.png 768w, https:\/\/mm-job.com\/wp-content\/uploads\/2023\/09\/logo-white-MM-Job-1536x650.png 1536w, https:\/\/mm-job.com\/wp-content\/uploads\/2023\/09\/logo-white-MM-Job.png 1678w\" sizes=\"(max-width: 800px) 100vw, 800px\" \/>\t\t\t\t\t\t\t\t\t\t\t\t\t\t\t<\/div>\n\t\t\t\t<\/div>\n\t\t\t\t<div class=\"elementor-element elementor-element-4388c14 elementor-widget elementor-widget-heading\" data-id=\"4388c14\" data-element_type=\"widget\" data-e-type=\"widget\" data-widget_type=\"heading.default\">\n\t\t\t\t<div class=\"elementor-widget-container\">\n\t\t\t\t\t<h3 class=\"elementor-heading-title elementor-size-default\">KONTAKT<\/h3>\t\t\t\t<\/div>\n\t\t\t\t<\/div>\n\t\t\t\t<div class=\"elementor-element elementor-element-135bbbb elementor-widget elementor-widget-text-editor\" data-id=\"135bbbb\" data-element_type=\"widget\" data-e-type=\"widget\" data-widget_type=\"text-editor.default\">\n\t\t\t\t<div class=\"elementor-widget-container\">\n\t\t\t\t\t\t\t\t\t<p><strong>Sedi\u0161te firme<\/strong><\/p>\n<p>MM Job s.r.o.<\/p>\n<p>Podz\u00e1hradn\u00e1 32<\/p>\n<p>821 06 Bratislava<\/p>\n\t\t\t\t\t\t\t\t<\/div>\n\t\t\t\t<\/div>\n\t\t\t\t<\/div>\n\t\t<div class=\"elementor-element elementor-element-826cc9a e-con-full e-flex e-con e-child\" data-id=\"826cc9a\" data-element_type=\"container\" data-e-type=\"container\">\n\t\t\t\t<div class=\"elementor-element elementor-element-805b5c2 elementor-widget elementor-widget-text-editor\" data-id=\"805b5c2\" data-element_type=\"widget\" data-e-type=\"widget\" data-widget_type=\"text-editor.default\">\n\t\t\t\t<div class=\"elementor-widget-container\">\n\t\t\t\t\t\t\t\t\t<p><strong>Mgr. Monika Ili\u010dov\u00e1<\/strong><\/p>\n<p>Mobil: <a href=\"tel:+421903713838\">+421 903 713 838<\/a><\/p>\n<p>Email: <a href=\"mailto:monika@mm-job.com\">monika@mm-job.com<\/a><\/p><\/p>\n\t\t\t\t\t\t\t\t<\/div>\n\t\t\t\t<\/div>\n\t\t\t\t<\/div>\n\t\t<div class=\"elementor-element elementor-element-ce822d9 e-con-full e-flex e-con e-child\" data-id=\"ce822d9\" data-element_type=\"container\" data-e-type=\"container\">\n\t\t\t\t<div class=\"elementor-element elementor-element-a462f5d elementor-widget elementor-widget-html\" data-id=\"a462f5d\" data-element_type=\"widget\" data-e-type=\"widget\" data-widget_type=\"html.default\">\n\t\t\t\t<div class=\"elementor-widget-container\">\n\t\t\t\t\t<iframe src=\"https:\/\/www.google.com\/maps\/embed?pb=!1m18!1m12!1m3!1d2662.7464340276892!2d17.200358677454627!3d48.13441315138011!2m3!1f0!2f0!3f0!3m2!1i1024!2i768!4f13.1!3m3!1m2!1s0x476c88a78332c4fb%3A0x8aa152e72da07f9!2sPodz%C3%A1hradn%C3%A1%2010085%2F32%2C%20821%2007%20Bratislava%2C%20Slovakia!5e0!3m2!1sen!2srs!4v1696413523900!5m2!1sen!2srs\" title=\"map\" width=\"600\" height=\"330\" style=\"border:0;\" allowfullscreen=\"\" loading=\"lazy\" referrerpolicy=\"no-referrer-when-downgrade\"><\/iframe>\t\t\t\t<\/div>\n\t\t\t\t<\/div>\n\t\t\t\t<\/div>\n\t\t\t\t\t<\/div>\n\t\t\t\t<\/footer>\n\t\t\t\t<\/div>\n\t\t","protected":false},"excerpt":{"rendered":"<p>Pravila o privatnosti. Poslednje a\u017euriranje: 05. 10.2023. Hvala vam \u0161to ste posetili na\u0161u veb lokaciju https:\/\/mm-job.com\/ (\u201emi\u201c, \u201enas\u201c ili \u201ena\u0161\u201c). Va\u0161a privatnost nam je va\u017ena. Da bismo bolje za\u0161titili va\u0161e li\u010dne podatke, dostavljamo vam ovaj izve\u0161taj sa informacijama, u kojem obja\u0161njavamo koje informacije prikupljamo, za \u0161ta ih koristimo i kako ih \u0161titimo. Dobijanje i kori\u0161c\u0301enje [&hellip;]<\/p>\n","protected":false},"author":2,"featured_media":0,"parent":0,"menu_order":0,"comment_status":"closed","ping_status":"closed","template":"elementor_canvas","meta":{"footnotes":""},"class_list":["post-299","page","type-page","status-publish","hentry"],"_links":{"self":[{"href":"https:\/\/mm-job.com\/sr\/wp-json\/wp\/v2\/pages\/299","targetHints":{"allow":["GET"]}}],"collection":[{"href":"https:\/\/mm-job.com\/sr\/wp-json\/wp\/v2\/pages"}],"about":[{"href":"https:\/\/mm-job.com\/sr\/wp-json\/wp\/v2\/types\/page"}],"author":[{"embeddable":true,"href":"https:\/\/mm-job.com\/sr\/wp-json\/wp\/v2\/users\/2"}],"replies":[{"embeddable":true,"href":"https:\/\/mm-job.com\/sr\/wp-json\/wp\/v2\/comments?post=299"}],"version-history":[{"count":4,"href":"https:\/\/mm-job.com\/sr\/wp-json\/wp\/v2\/pages\/299\/revisions"}],"predecessor-version":[{"id":304,"href":"https:\/\/mm-job.com\/sr\/wp-json\/wp\/v2\/pages\/299\/revisions\/304"}],"wp:attachment":[{"href":"https:\/\/mm-job.com\/sr\/wp-json\/wp\/v2\/media?parent=299"}],"curies":[{"name":"wp","href":"https:\/\/api.w.org\/{rel}","templated":true}]}}